{"id":15,"date":"2024-05-11T12:38:52","date_gmt":"2024-05-11T10:38:52","guid":{"rendered":"http:\/\/fritzes-trikes.de\/wordpress\/?page_id=15"},"modified":"2024-05-11T19:55:04","modified_gmt":"2024-05-11T17:55:04","slug":"kuehlanhaenger","status":"publish","type":"page","link":"http:\/\/fritzes-trikes.de\/wordpress\/kuehlanhaenger\/","title":{"rendered":"K\u00fchlanh\u00e4nger"},"content":{"rendered":"\n<p><\/p>\n\n\n\n<figure class=\"wp-block-image is-resized\"><img decoding=\"async\" src=\"http:\/\/fritzes-trikes.de\/kuehlwagen_htm_files\/21.jpg\" alt=\"\" style=\"width:709px;height:auto\" title=\"\"\/><\/figure>\n\n\n\n<figure class=\"wp-block-image size-full\"><img loading=\"lazy\" decoding=\"async\" width=\"499\" height=\"300\" src=\"http:\/\/fritzes-trikes.de\/wordpress\/wp-content\/uploads\/2024\/05\/feier.png\" alt=\"\" class=\"wp-image-51\" srcset=\"http:\/\/fritzes-trikes.de\/wordpress\/wp-content\/uploads\/2024\/05\/feier.png 499w, http:\/\/fritzes-trikes.de\/wordpress\/wp-content\/uploads\/2024\/05\/feier-300x180.png 300w\" sizes=\"auto, (max-width: 499px) 100vw, 499px\" \/><\/figure>\n\n\n\n<p>Daf\u00fcr ben\u00f6tigen Sie k\u00fchle Getr\u00e4nk<\/p>\n\n\n\n<p>Dann mieten Sie unseren K\u00fchlanh\u00e4nger.<\/p>\n\n\n\n<p><strong>Technische Daten:<\/strong><\/p>\n\n\n\n<p>&#8211; Betrieb mit 220 V<\/p>\n\n\n\n<p>&#8211; Zul\u00e4ssiges Gesamtgewicht 2,7t<\/p>\n\n\n\n<p>&#8211; gebremst<\/p>\n\n\n\n<p>&#8211; 13 poliger Steckeranschluss<\/p>\n\n\n\n<figure class=\"wp-block-image size-full\"><img loading=\"lazy\" decoding=\"async\" width=\"901\" height=\"217\" src=\"http:\/\/fritzes-trikes.de\/wordpress\/wp-content\/uploads\/2024\/05\/27.png\" alt=\"\" class=\"wp-image-42\" srcset=\"http:\/\/fritzes-trikes.de\/wordpress\/wp-content\/uploads\/2024\/05\/27.png 901w, http:\/\/fritzes-trikes.de\/wordpress\/wp-content\/uploads\/2024\/05\/27-300x72.png 300w, http:\/\/fritzes-trikes.de\/wordpress\/wp-content\/uploads\/2024\/05\/27-768x185.png 768w\" sizes=\"auto, (max-width: 901px) 100vw, 901px\" \/><\/figure>\n","protected":false},"excerpt":{"rendered":"<p>Daf\u00fcr ben\u00f6tigen Sie k\u00fchle Getr\u00e4nk Dann mieten Sie unseren K\u00fchlanh\u00e4nger. Technische Daten: &#8211; Betrieb mit 220 V &#8211; Zul\u00e4ssiges Gesamtgewicht 2,7t &#8211; gebremst &#8211; 13 poliger Steckeranschluss<\/p>\n","protected":false},"author":1,"featured_media":0,"parent":0,"menu_order":0,"comment_status":"closed","ping_status":"closed","template":"","meta":{"footnotes":""},"class_list":["post-15","page","type-page","status-publish","hentry"],"_links":{"self":[{"href":"http:\/\/fritzes-trikes.de\/wordpress\/wp-json\/wp\/v2\/pages\/15","targetHints":{"allow":["GET"]}}],"collection":[{"href":"http:\/\/fritzes-trikes.de\/wordpress\/wp-json\/wp\/v2\/pages"}],"about":[{"href":"http:\/\/fritzes-trikes.de\/wordpress\/wp-json\/wp\/v2\/types\/page"}],"author":[{"embeddable":true,"href":"http:\/\/fritzes-trikes.de\/wordpress\/wp-json\/wp\/v2\/users\/1"}],"replies":[{"embeddable":true,"href":"http:\/\/fritzes-trikes.de\/wordpress\/wp-json\/wp\/v2\/comments?post=15"}],"version-history":[{"count":4,"href":"http:\/\/fritzes-trikes.de\/wordpress\/wp-json\/wp\/v2\/pages\/15\/revisions"}],"predecessor-version":[{"id":52,"href":"http:\/\/fritzes-trikes.de\/wordpress\/wp-json\/wp\/v2\/pages\/15\/revisions\/52"}],"wp:attachment":[{"href":"http:\/\/fritzes-trikes.de\/wordpress\/wp-json\/wp\/v2\/media?parent=15"}],"curies":[{"name":"wp","href":"https:\/\/api.w.org\/{rel}","templated":true}]}}